{"id":661,"date":"2026-03-23T16:02:23","date_gmt":"2026-03-23T16:02:23","guid":{"rendered":"https:\/\/prj14.com.es\/?page_id=661"},"modified":"2026-03-27T11:15:25","modified_gmt":"2026-03-27T11:15:25","slug":"aviso-legal","status":"publish","type":"page","link":"https:\/\/prj14.com.es\/en\/aviso-legal\/","title":{"rendered":"Aviso Legal"},"content":{"rendered":"\n<h2 class=\"wp-block-heading\">1. INFORMACI\u00d3N GENERAL DEL TITULAR DEL SITIO WEB<\/h2>\n\n\n\n<p>En cumplimiento del art\u00edculo 10 de la Ley 34\/2002, de 11 de julio, de Servicios de la Sociedad de la Informaci\u00f3n y de Comercio Electr\u00f3nico (LSSI-CE), se informa a los usuarios de la siguiente informaci\u00f3n general relativa al titular del sitio web:<\/p>\n\n\n\n<ul class=\"wp-block-list\">\n<li><strong>Titular:<\/strong>\u00a0Filmaker Mediapecas<\/li>\n\n\n\n<li><strong>NIF\/CIF:<\/strong>\u00a072068538Q<\/li>\n\n\n\n<li><strong>Domicilio social:<\/strong>\u00a0Indautxu 10, 2 izq., 48011 Bilbao<\/li>\n\n\n\n<li><strong>Tel\u00e9fono de contacto:<\/strong>\u00a0<strong>614 274 108<\/strong><\/li>\n\n\n\n<li><strong>Correo electr\u00f3nico de contacto:<\/strong>\u00a0hola@mediapecas.com<\/li>\n\n\n\n<li><strong>Sitio Web:<\/strong>\u00a0www.mediapecas.com<\/li>\n\n\n\n<li><strong>Actividad:<\/strong>\u00a0Servicios profesionales<\/li>\n<\/ul>\n\n\n\n<p>El acceso, la navegaci\u00f3n y el uso de este Sitio Web implican la aceptaci\u00f3n expresa y sin reservas de todas y cada una de las cl\u00e1usulas del presente Aviso Legal, teniendo la misma validez y eficacia que cualquier contrato celebrado por escrito y firmado.<\/p>\n\n\n\n<hr class=\"wp-block-separator has-alpha-channel-opacity\"\/>\n\n\n\n<h2 class=\"wp-block-heading\">2. ACEPTACI\u00d3N DEL USUARIO Y ACCESO AL SITIO WEB<\/h2>\n\n\n\n<p>El acceso, la navegaci\u00f3n y el uso de este Sitio Web son libres y gratuitos, siempre que el Usuario cumpla con los t\u00e9rminos de este Aviso Legal, la legislaci\u00f3n vigente, las buenas costumbres y los comportamientos usualmente aceptados en el \u00e1mbito de Internet.<\/p>\n\n\n\n<p>Al acceder al Sitio Web o a cualquiera de las p\u00e1ginas a las que a trav\u00e9s del mismo se pueda acceder, el usuario declara expresamente que ha le\u00eddo, entiende y acepta el presente \u00abAviso Legal\u00bb. En caso de que no acepte los t\u00e9rminos y condiciones que a continuaci\u00f3n se presentan, le rogamos se abstenga de utilizar el Sitio Web, reserv\u00e1ndose el Titular el derecho a restringir el acceso a aquellos usuarios que no los respeten.<\/p>\n\n\n\n<p>El Titular se reserva el derecho a realizar, en cualquier momento y sin necesidad de previo aviso, modificaciones y actualizaciones del Sitio Web y de sus contenidos, as\u00ed como de la configuraci\u00f3n y presentaci\u00f3n de este, y de las presentes condiciones de acceso y uso.<\/p>\n\n\n\n<hr class=\"wp-block-separator has-alpha-channel-opacity\"\/>\n\n\n\n<h2 class=\"wp-block-heading\">3. PROPIEDAD INTELECTUAL E INDUSTRIAL<\/h2>\n\n\n\n<p>Todos los contenidos de este Sitio Web (textos, im\u00e1genes, gr\u00e1ficos, logotipos, iconos, botones, software, archivos de audio, combinaciones de colores, as\u00ed como la estructura, selecci\u00f3n, ordenaci\u00f3n y presentaci\u00f3n de sus contenidos, en adelante, \u00ablos Contenidos\u00bb) est\u00e1n protegidos por las leyes de propiedad intelectual e industrial, siendo titularidad de MARIA JUANA SOARES SILVA o, en su caso, de terceros que hayan autorizado su uso.<\/p>\n\n\n\n<p>Queda expresamente prohibida la reproducci\u00f3n, distribuci\u00f3n, comunicaci\u00f3n p\u00fablica, transformaci\u00f3n o cualquier otra forma de explotaci\u00f3n, total o parcial, de los Contenidos, sin la autorizaci\u00f3n expresa y por escrito del Titular. El incumplimiento de esta prohibici\u00f3n constituir\u00e1 una infracci\u00f3n grave de los derechos de propiedad intelectual e industrial del Titular o de los leg\u00edtimos titulares de los mismos.<\/p>\n\n\n\n<p>El Usuario se obliga a respetar los derechos de propiedad intelectual e industrial del Titular. No obstante, el Usuario podr\u00e1 visualizar los elementos del Sitio Web e incluso imprimirlos, copiarlos y almacenarlos en el disco duro de su ordenador o en cualquier otro soporte f\u00edsico siempre y cuando sea, \u00fanica y exclusivamente, para su uso personal y privado, quedando, por tanto, prohibido su uso con fines comerciales, su distribuci\u00f3n, as\u00ed como su modificaci\u00f3n, alteraci\u00f3n o descompilaci\u00f3n.<\/p>\n\n\n\n<hr class=\"wp-block-separator has-alpha-channel-opacity\"\/>\n\n\n\n<h2 class=\"wp-block-heading\">4. ENLACES A OTROS SITIOS WEB (LINKS)<\/h2>\n\n\n\n<p>El Sitio Web podr\u00eda poner a disposici\u00f3n del Usuario enlaces (links) que permitan acceder a sitios web de terceros. El Titular no se hace responsable del contenido, veracidad, licitud o actualizaci\u00f3n de las p\u00e1ginas web de terceros a las que el usuario pueda acceder a trav\u00e9s de estos enlaces.<\/p>\n\n\n\n<p>La presencia de estos enlaces tiene finalidad meramente informativa y no constituye en ning\u00fan caso una invitaci\u00f3n a la contrataci\u00f3n de productos o servicios que pudieran ofrecerse en el sitio de destino, ni una recomendaci\u00f3n, sugerencia o invitaci\u00f3n a visitarlos, ni una garant\u00eda sobre su contenido, veracidad, licitud o actualizaci\u00f3n.<\/p>\n\n\n\n<p>El Titular no asume ning\u00fan tipo de responsabilidad, ni directa ni indirecta, por los da\u00f1os y perjuicios de cualquier tipo que pudieran derivarse del acceso, mantenimiento, uso, calidad, licitud, fiabilidad y utilidad de los contenidos, informaciones, comunicaciones, opiniones, manifestaciones, productos y servicios existentes u ofertados en las p\u00e1ginas web no gestionadas por el Titular y que resulten accesibles a trav\u00e9s del Sitio Web.<\/p>\n\n\n\n<hr class=\"wp-block-separator has-alpha-channel-opacity\"\/>\n\n\n\n<h2 class=\"wp-block-heading\">5. EXCLUSI\u00d3N DE GARANT\u00cdAS Y RESPONSABILIDAD<\/h2>\n\n\n\n<p><strong>5.1. Disponibilidad y continuidad del Sitio Web<\/strong><br>El Titular no garantiza la disponibilidad, continuidad o infalibilidad del funcionamiento del Sitio Web, ni que su contenido est\u00e9 permanentemente actualizado. En consecuencia, en la m\u00e1xima medida permitida por el ordenamiento jur\u00eddico, se excluye cualquier responsabilidad por los da\u00f1os y perjuicios de cualquier naturaleza que puedan derivarse de la falta de disponibilidad o de continuidad del funcionamiento del Sitio Web y de sus servicios, as\u00ed como de los errores en el acceso a las distintas p\u00e1ginas web o a aquellas desde las que, en su caso, se presten dichos servicios.<\/p>\n\n\n\n<p><strong>5.2. Calidad del servicio<\/strong><br>El Titular no ser\u00e1 responsable de los da\u00f1os y perjuicios que pudieran derivarse de interferencias, omisiones, interrupciones, virus inform\u00e1ticos, aver\u00edas telef\u00f3nicas o desconexiones en el funcionamiento operativo de este sistema electr\u00f3nico, motivadas por causas ajenas al Titular; de retrasos o bloqueos en el uso del presente sistema electr\u00f3nico causados por deficiencias o sobrecarga en sus l\u00edneas telef\u00f3nicas o en el centro de procesos de datos; ni de da\u00f1os y perjuicios que pudieran ser causados por terceras personas mediante intromisiones ileg\u00edtimas fuera del control del Titular.<\/p>\n\n\n\n<p><strong>5.3. Contenidos de terceros<\/strong><br>El Titular no ser\u00e1 responsable de la veracidad, integridad o actualizaci\u00f3n de las informaciones que no sean de elaboraci\u00f3n propia y de las que se indique otra fuente, as\u00ed como de aquellas que se encuentren en espacios a los que el Usuario pueda acceder a trav\u00e9s de enlaces (links) existentes en el Sitio Web.<\/p>\n\n\n\n<hr class=\"wp-block-separator has-alpha-channel-opacity\"\/>\n\n\n\n<h2 class=\"wp-block-heading\">6. DATOS PERSONALES Y PROTECCI\u00d3N DE DATOS<\/h2>\n\n\n\n<p>Los datos personales que el Usuario pueda proporcionar al Titular a trav\u00e9s de los formularios habilitados en el Sitio Web o mediante comunicaciones por correo electr\u00f3nico ser\u00e1n tratados de conformidad con lo establecido en el Reglamento (UE) 2016\/679 (RGPD) y la Ley Org\u00e1nica 3\/2018 (LOPDGDD).<\/p>\n\n\n\n<p>Para conocer nuestra pol\u00edtica en materia de protecci\u00f3n de datos personales, acceda a nuestra&nbsp;<strong>Pol\u00edtica de Privacidad<\/strong>, donde encontrar\u00e1 informaci\u00f3n detallada sobre:<\/p>\n\n\n\n<ul class=\"wp-block-list\">\n<li>El responsable del tratamiento<\/li>\n\n\n\n<li>Las finalidades del tratamiento<\/li>\n\n\n\n<li>La legitimaci\u00f3n para el tratamiento<\/li>\n\n\n\n<li>Los plazos de conservaci\u00f3n de los datos<\/li>\n\n\n\n<li>Las cesiones de datos y transferencias internacionales<\/li>\n\n\n\n<li>Los derechos que le asisten y c\u00f3mo ejercerlos<\/li>\n<\/ul>\n\n\n\n<p>Puede consultar la Pol\u00edtica de Privacidad completa en el siguiente enlace: [<strong>Incluir enlace a la p\u00e1gina de Pol\u00edtica de Privacidad<\/strong>]<\/p>\n\n\n\n<hr class=\"wp-block-separator has-alpha-channel-opacity\"\/>\n\n\n\n<h2 class=\"wp-block-heading\">7. POL\u00cdTICA DE COOKIES<\/h2>\n\n\n\n<p>Este Sitio Web utiliza cookies propias y de terceros para mejorar la experiencia del usuario, permitir la navegaci\u00f3n y obtener datos estad\u00edsticos. Las cookies son peque\u00f1os archivos de texto que se instalan en el equipo desde el cual se visita nuestro sitio web.<\/p>\n\n\n\n<p>Para obtener informaci\u00f3n detallada sobre qu\u00e9 tipos de cookies utiliza este sitio web, c\u00f3mo deshabilitarlas o aceptarlas, y cualquier otra cuesti\u00f3n relacionada, puede consultar nuestra&nbsp;<strong>Pol\u00edtica de Cookies<\/strong>&nbsp;completa en el siguiente enlace: [<strong>Incluir enlace a la p\u00e1gina de Pol\u00edtica de Cookies<\/strong>]<\/p>\n\n\n\n<hr class=\"wp-block-separator has-alpha-channel-opacity\"\/>\n\n\n\n<h2 class=\"wp-block-heading\">8. LEY APLICABLE Y JURISDICCI\u00d3N<\/h2>\n\n\n\n<p>El presente \u201cAviso Legal\u201d, as\u00ed como el resto del contenido de este Sitio Web, se han realizado respetando en todo momento la legislaci\u00f3n que le resulta aplicable, en especial:<\/p>\n\n\n\n<ul class=\"wp-block-list\">\n<li>La Ley 34\/2002, de 11 de julio, de Servicios de la Sociedad de la Informaci\u00f3n y de Comercio Electr\u00f3nico (LSSI-CE)<\/li>\n\n\n\n<li>El Reglamento (UE) 2016\/679 del Parlamento Europeo y del Consejo, de 27 de abril de 2016 (RGPD)<\/li>\n\n\n\n<li>La Ley Org\u00e1nica 3\/2018, de 5 de diciembre, de Protecci\u00f3n de Datos Personales y garant\u00eda de los derechos digitales (LOPDGDD)<\/li>\n<\/ul>\n\n\n\n<p>Para la resoluci\u00f3n de cualquier controversia que pudiera derivarse del uso del Sitio Web, el Titular y el Usuario se someten, con renuncia expresa a cualquier otro fuero que pudiera corresponderles, a los juzgados y tribunales del domicilio del Usuario, siempre que \u00e9ste act\u00fae como consumidor. En caso contrario, la sumisi\u00f3n ser\u00e1 a los Juzgados y Tribunales de la ciudad de Valencia (Espa\u00f1a).<\/p>\n\n\n\n<hr class=\"wp-block-separator has-alpha-channel-opacity\"\/>\n\n\n\n<h2 class=\"wp-block-heading\">9. MODIFICACIONES DEL AVISO LEGAL<\/h2>\n\n\n\n<p>El Titular se reserva el derecho a modificar el presente \u201cAviso Legal\u201d para adaptarlo a novedades legislativas, jurisprudenciales, t\u00e9cnicas o de las actividades de la empresa. En dicho caso, el nuevo contenido resultar\u00e1 aplicable desde el momento en que su modificaci\u00f3n sea publicitada en el Sitio Web, resultando accesible para los Usuarios del mismo.<\/p>\n\n\n\n<p>Se recomienda al Usuario revisar peri\u00f3dicamente este Aviso Legal para estar informado de posibles cambios.<\/p>\n\n\n\n<hr class=\"wp-block-separator has-alpha-channel-opacity\"\/>\n\n\n\n<h2 class=\"wp-block-heading\">10. CONTACTO<\/h2>\n\n\n\n<p>Para cualquier consulta, aclaraci\u00f3n o comunicaci\u00f3n que desee realizar sobre este Aviso Legal, puede ponerse en contacto con nosotros a trav\u00e9s de los siguientes medios:<\/p>\n\n\n\n<ul class=\"wp-block-list\">\n<li><strong>Correo electr\u00f3nico:<\/strong>\u00a0hola@mediapecas.com<\/li>\n\n\n\n<li><strong>Tel\u00e9fono:<\/strong>\u00a0614 274 108<\/li>\n\n\n\n<li><strong>Direcci\u00f3n postal:<\/strong>\u00a0Indautxu 10, 2 izq., 48011 Bilbao<\/li>\n<\/ul>\n\n\n\n<p>Todas las comunicaciones que realice al Titular deber\u00e1n ser realizadas a trav\u00e9s de estos medios, utilizando, para cualquier comunicaci\u00f3n, el idioma espa\u00f1ol.<\/p>\n\n\n\n<hr class=\"wp-block-separator has-alpha-channel-opacity\"\/>\n\n\n\n<p><strong>Fecha de \u00faltima actualizaci\u00f3n:<\/strong>\u00a023 de Marzo del 2026<\/p>\n\n\n\n<hr class=\"wp-block-separator has-alpha-channel-opacity\"\/>\n\n\n\n<p><em>El acceso y uso de este Sitio Web implica que el Usuario ha le\u00eddo, entiende y acepta sin reservas el presente Aviso Legal en su totalidad.<\/em><\/p>\n","protected":false},"excerpt":{"rendered":"<p>1. INFORMACI\u00d3N GENERAL DEL TITULAR DEL SITIO WEB En cumplimiento del art\u00edculo 10 de la Ley 34\/2002, de 11 de julio, de Servicios de la Sociedad de la Informaci\u00f3n y de Comercio Electr\u00f3nico (LSSI-CE), se informa a los usuarios de la siguiente informaci\u00f3n general relativa al titular del sitio web: El acceso, la navegaci\u00f3n y [&hellip;]<\/p>\n","protected":false},"author":1,"featured_media":0,"parent":0,"menu_order":0,"comment_status":"closed","ping_status":"closed","template":"","meta":{"footnotes":""},"class_list":["post-661","page","type-page","status-publish","hentry"],"_links":{"self":[{"href":"https:\/\/prj14.com.es\/en\/wp-json\/wp\/v2\/pages\/661","targetHints":{"allow":["GET"]}}],"collection":[{"href":"https:\/\/prj14.com.es\/en\/wp-json\/wp\/v2\/pages"}],"about":[{"href":"https:\/\/prj14.com.es\/en\/wp-json\/wp\/v2\/types\/page"}],"author":[{"embeddable":true,"href":"https:\/\/prj14.com.es\/en\/wp-json\/wp\/v2\/users\/1"}],"replies":[{"embeddable":true,"href":"https:\/\/prj14.com.es\/en\/wp-json\/wp\/v2\/comments?post=661"}],"version-history":[{"count":3,"href":"https:\/\/prj14.com.es\/en\/wp-json\/wp\/v2\/pages\/661\/revisions"}],"predecessor-version":[{"id":1075,"href":"https:\/\/prj14.com.es\/en\/wp-json\/wp\/v2\/pages\/661\/revisions\/1075"}],"wp:attachment":[{"href":"https:\/\/prj14.com.es\/en\/wp-json\/wp\/v2\/media?parent=661"}],"curies":[{"name":"wp","href":"https:\/\/api.w.org\/{rel}","templated":true}]}}